{"id":367,"date":"2019-11-11T02:18:04","date_gmt":"2019-11-11T02:18:04","guid":{"rendered":"https:\/\/demo.casethemes.net\/consultio-finance4\/?page_id=367"},"modified":"2026-04-05T23:59:52","modified_gmt":"2026-04-05T23:59:52","slug":"clientes","status":"publish","type":"page","link":"https:\/\/alphapartnersperu.com\/index.php\/clientes\/","title":{"rendered":"Clientes"},"content":{"rendered":"\t\t<div data-elementor-type=\"wp-page\" data-elementor-id=\"367\" class=\"elementor elementor-367\">\n\t\t\t\t        <section class=\"elementor-section elementor-top-section elementor-element elementor-element-d23e4f0 elementor-section-boxed elementor-section-height-default elementor-section-height-default ct-header-fixed-none\" data-id=\"d23e4f0\" data-element_type=\"section\" data-e-type=\"section\">\n            \n                        <div class=\"elementor-container elementor-column-gap-extended \">\n                    <div class=\"elementor-column elementor-col-50 elementor-top-column elementor-element elementor-element-cb9323b\" data-id=\"cb9323b\" data-element_type=\"column\" data-e-type=\"column\">\n        <div class=\"elementor-widget-wrap elementor-element-populated\">\n                    \n        \t\t<div class=\"elementor-element elementor-element-7f58838 elementor-widget elementor-widget-ct_heading\" data-id=\"7f58838\" data-element_type=\"widget\" data-e-type=\"widget\" data-widget_type=\"ct_heading.default\">\n\t\t\t\t<div class=\"elementor-widget-container\">\n\t\t\t\t\t<div class=\"ct-heading h-align-  sub- ct-heading-left item-st-line-left1\">\r\n\t    <h3 class=\"item--title st-line-left1 \" data-wow-delay=\"ms\">\r\n                <span class=\"sp-main\">\r\n                            <i><\/i>\r\n            \r\n            Opiniones.\r\n            \r\n                    <\/span>\r\n            <\/h3>\r\n<\/div>\t\t\t\t<\/div>\n\t\t\t\t<\/div>\n\t\t            <\/div>\n        <\/div>\n                <div class=\"elementor-column elementor-col-50 elementor-top-column elementor-element elementor-element-daa1215\" data-id=\"daa1215\" data-element_type=\"column\" data-e-type=\"column\">\n        <div class=\"elementor-widget-wrap elementor-element-populated\">\n                    \n        \t\t<div class=\"elementor-element elementor-element-1cb6926 elementor-widget elementor-widget-text-editor\" data-id=\"1cb6926\" data-element_type=\"widget\" data-e-type=\"widget\" data-widget_type=\"text-editor.default\">\n\t\t\t\t<div class=\"elementor-widget-container\">\n\t\t\t\t\t\t\t\t\t<p>Tenemos muchas rese\u00f1as de nuestros clientes satisfechos.<\/p>\t\t\t\t\t\t\t\t<\/div>\n\t\t\t\t<\/div>\n\t\t            <\/div>\n        <\/div>\n                    <\/div>\n        <\/section>\n                <section class=\"elementor-section elementor-top-section elementor-element elementor-element-01c0a8c elementor-section-boxed elementor-section-height-default elementor-section-height-default ct-header-fixed-none\" data-id=\"01c0a8c\" data-element_type=\"section\" data-e-type=\"section\">\n            \n                        <div class=\"elementor-container elementor-column-gap-default \">\n                    <div class=\"elementor-column elementor-col-100 elementor-top-column elementor-element elementor-element-1695462\" data-id=\"1695462\" data-element_type=\"column\" data-e-type=\"column\">\n        <div class=\"elementor-widget-wrap elementor-element-populated\">\n                    \n        \t\t<div class=\"elementor-element elementor-element-b6c0336 elementor-widget elementor-widget-ct_testimonial_grid\" data-id=\"b6c0336\" data-element_type=\"widget\" data-e-type=\"widget\" data-widget_type=\"ct_testimonial_grid.default\">\n\t\t\t\t<div class=\"elementor-widget-container\">\n\t\t\t\t\t    <div class=\"ct-grid ct-testimonial-grid1\">\r\n        <div class=\"ct-grid-inner ct-grid-masonry row animate-time\" data-gutter=\"7\">\r\n                            <div class=\"grid-item col-xl-4 col-lg-4 col-md-6 col-sm-6 col-12\">\r\n                    <div class=\"item--inner wow flipInY\">\r\n                        <div class=\"item-icon\"><i>\u201d<\/i><\/div>\r\n                    \t                            <div class=\"item--image\">\r\n                                <img fetchpriority=\"high\" decoding=\"async\" class=\"\" src=\"https:\/\/alphapartnersperu.com\/wp-content\/uploads\/2026\/04\/386607107_10053768654698332_8729821550126346070_n-e1775432502474-300x300.jpg\" width=\"300\" height=\"300\" alt=\"386607107_10053768654698332_8729821550126346070_n\" title=\"386607107_10053768654698332_8729821550126346070_n\" \/>                            <\/div>\r\n                                                <div class=\"item--holder\">\r\n                            <div class=\"item--description\">Atenci\u00f3n inmediata y buen asesoramiento, Recomendad\u00edsimo.<\/div>\r\n                            <h3 class=\"item--title\">    \r\n                                Estefany Vilchez Pe\u00f1a                            <\/h3>\r\n                            <div class=\"item--position\">San Martin de Porres<\/div>\r\n                        <\/div>\r\n                   <\/div>\r\n                <\/div>\r\n                            <div class=\"grid-item col-xl-4 col-lg-4 col-md-6 col-sm-6 col-12\">\r\n                    <div class=\"item--inner wow flipInY\">\r\n                        <div class=\"item-icon\"><i>\u201d<\/i><\/div>\r\n                    \t                            <div class=\"item--image\">\r\n                                <img decoding=\"async\" class=\"\" src=\"https:\/\/alphapartnersperu.com\/wp-content\/uploads\/2026\/04\/50980893_2322732868006565_4875869834761469952_n-2-300x300.jpg\" width=\"300\" height=\"300\" alt=\"50980893_2322732868006565_4875869834761469952_n (2)\" title=\"50980893_2322732868006565_4875869834761469952_n (2)\" \/>                            <\/div>\r\n                                                <div class=\"item--holder\">\r\n                            <div class=\"item--description\">Solicite dise\u00f1o de mis planos y construcci\u00f3n de mi proyecto, quede contento con el resultado.<\/div>\r\n                            <h3 class=\"item--title\">    \r\n                                Ivan Mendoza                            <\/h3>\r\n                            <div class=\"item--position\">Unifamiliar \u00cdndigo - Comas<\/div>\r\n                        <\/div>\r\n                   <\/div>\r\n                <\/div>\r\n                            <div class=\"grid-item col-xl-4 col-lg-4 col-md-6 col-sm-6 col-12\">\r\n                    <div class=\"item--inner wow flipInY\">\r\n                        <div class=\"item-icon\"><i>\u201d<\/i><\/div>\r\n                    \t                            <div class=\"item--image\">\r\n                                <img decoding=\"async\" class=\"\" src=\"https:\/\/alphapartnersperu.com\/wp-content\/uploads\/2026\/04\/475467835_122099559458763799_4899185419376089569_n-300x300.jpg\" width=\"300\" height=\"300\" alt=\"475467835_122099559458763799_4899185419376089569_n\" title=\"475467835_122099559458763799_4899185419376089569_n\" \/>                            <\/div>\r\n                                                <div class=\"item--holder\">\r\n                            <div class=\"item--description\">Servicio de construcci\u00f3n de alta calidad, con atencion minuiciosa a cada detalle y exelentes acabados.<\/div>\r\n                            <h3 class=\"item--title\">    \r\n                                ENERSAC                            <\/h3>\r\n                            <div class=\"item--position\">Pucusana - Chilca<\/div>\r\n                        <\/div>\r\n                   <\/div>\r\n                <\/div>\r\n                            <div class=\"grid-item col-xl-4 col-lg-4 col-md-6 col-sm-6 col-12\">\r\n                    <div class=\"item--inner wow flipInY\">\r\n                        <div class=\"item-icon\"><i>\u201d<\/i><\/div>\r\n                    \t                            <div class=\"item--image\">\r\n                                <img loading=\"lazy\" decoding=\"async\" class=\"\" src=\"https:\/\/alphapartnersperu.com\/wp-content\/uploads\/2024\/12\/jesus-sanchez.jpg\" width=\"130\" height=\"130\" alt=\"jesus-sanchez\" title=\"jesus-sanchez\" \/>                            <\/div>\r\n                                                <div class=\"item--holder\">\r\n                            <div class=\"item--description\">Solicite la creaci\u00f3n de unos planos y me atendieron muy bien en los tiempos pactados.\n<\/div>\r\n                            <h3 class=\"item--title\">    \r\n                                Jesus Ricardo Sanchez Villagra                            <\/h3>\r\n                            <div class=\"item--position\">Multifamiliar Z\u00e9nit -  La Molina<\/div>\r\n                        <\/div>\r\n                   <\/div>\r\n                <\/div>\r\n                            <div class=\"grid-item col-xl-4 col-lg-4 col-md-6 col-sm-6 col-12\">\r\n                    <div class=\"item--inner wow flipInY\">\r\n                        <div class=\"item-icon\"><i>\u201d<\/i><\/div>\r\n                    \t                            <div class=\"item--image\">\r\n                                <img loading=\"lazy\" decoding=\"async\" class=\"\" src=\"https:\/\/alphapartnersperu.com\/wp-content\/uploads\/2026\/04\/WhatsApp-Image-2026-04-05-at-5.30.55-PM-e1775428337918.jpeg\" width=\"138\" height=\"134\" alt=\"WhatsApp Image 2026-04-05 at 5.30.55 PM\" title=\"WhatsApp Image 2026-04-05 at 5.30.55 PM\" \/>                            <\/div>\r\n                                                <div class=\"item--holder\">\r\n                            <div class=\"item--description\">Recomiendo Alpha Partners para llevar tu proyecto a cabo. Un gran equipo de profesionales y servicios de mucha calidad.<\/div>\r\n                            <h3 class=\"item--title\">    \r\n                                Rauletti                            <\/h3>\r\n                            <div class=\"item--position\">Carabayllo<\/div>\r\n                        <\/div>\r\n                   <\/div>\r\n                <\/div>\r\n                            <div class=\"grid-item col-xl-4 col-lg-4 col-md-6 col-sm-6 col-12\">\r\n                    <div class=\"item--inner wow flipInY\">\r\n                        <div class=\"item-icon\"><i>\u201d<\/i><\/div>\r\n                    \t                            <div class=\"item--image\">\r\n                                <img loading=\"lazy\" decoding=\"async\" class=\"\" src=\"https:\/\/alphapartnersperu.com\/wp-content\/uploads\/2026\/04\/468793593_10162175937981740_5394455951821948023_n-2-e1775256124969-300x300.jpg\" width=\"300\" height=\"300\" alt=\"468793593_10162175937981740_5394455951821948023_n (2)\" title=\"468793593_10162175937981740_5394455951821948023_n (2)\" \/>                            <\/div>\r\n                                                <div class=\"item--holder\">\r\n                            <div class=\"item--description\">Empresa 100% confiable. Recomendada a ojos cerrados. Excelentes profesionales y un muy buen trato al cliente!<\/div>\r\n                            <h3 class=\"item--title\">    \r\n                                Diana L. Lam (Di)                            <\/h3>\r\n                            <div class=\"item--position\">Los Olivos<\/div>\r\n                        <\/div>\r\n                   <\/div>\r\n                <\/div>\r\n                            <div class=\"grid-item col-xl-4 col-lg-4 col-md-6 col-sm-6 col-12\">\r\n                    <div class=\"item--inner wow flipInY\">\r\n                        <div class=\"item-icon\"><i>\u201d<\/i><\/div>\r\n                    \t                            <div class=\"item--image\">\r\n                                <img loading=\"lazy\" decoding=\"async\" class=\"\" src=\"https:\/\/alphapartnersperu.com\/wp-content\/uploads\/2026\/04\/616832384_3204879733028562_4312522703706619311_n-1-1-300x300.jpg\" width=\"300\" height=\"300\" alt=\"616832384_3204879733028562_4312522703706619311_n (1) (1)\" title=\"616832384_3204879733028562_4312522703706619311_n (1) (1)\" \/>                            <\/div>\r\n                                                <div class=\"item--holder\">\r\n                            <div class=\"item--description\">Realizaron un buen trabajo en mi predio, juntos con mi esposa, mi familia estamos muy agradecidos por su gran trabajo.<\/div>\r\n                            <h3 class=\"item--title\">    \r\n                                Amilcar justino Ch\u00e1vez Blas                            <\/h3>\r\n                            <div class=\"item--position\">Puente Piedra<\/div>\r\n                        <\/div>\r\n                   <\/div>\r\n                <\/div>\r\n                            <div class=\"grid-item col-xl-4 col-lg-4 col-md-6 col-sm-6 col-12\">\r\n                    <div class=\"item--inner wow flipInY\">\r\n                        <div class=\"item-icon\"><i>\u201d<\/i><\/div>\r\n                    \t                            <div class=\"item--image\">\r\n                                <img loading=\"lazy\" decoding=\"async\" class=\"\" src=\"https:\/\/alphapartnersperu.com\/wp-content\/uploads\/2026\/04\/508414763_2902006950006166_5376130217967585921_n-1-1-300x300.jpg\" width=\"300\" height=\"300\" alt=\"508414763_2902006950006166_5376130217967585921_n (1) (1)\" title=\"508414763_2902006950006166_5376130217967585921_n (1) (1)\" \/>                            <\/div>\r\n                                                <div class=\"item--holder\">\r\n                            <div class=\"item--description\">Quede contento con los resultados, hicieron Dise\u00f1o de mi Planos y la ejecuci\u00f3n de mi proyecto,  lo cual lo hicieron muy bien, los recomiendo.<\/div>\r\n                            <h3 class=\"item--title\">    \r\n                                Omar Alex Chavez Blas                            <\/h3>\r\n                            <div class=\"item--position\">Recreo Samay - Huaraz<\/div>\r\n                        <\/div>\r\n                   <\/div>\r\n                <\/div>\r\n                            <div class=\"grid-item col-xl-4 col-lg-4 col-md-6 col-sm-6 col-12\">\r\n                    <div class=\"item--inner wow flipInY\">\r\n                        <div class=\"item-icon\"><i>\u201d<\/i><\/div>\r\n                    \t                            <div class=\"item--image\">\r\n                                <img loading=\"lazy\" decoding=\"async\" class=\"\" src=\"https:\/\/alphapartnersperu.com\/wp-content\/uploads\/2026\/04\/486162840_3609084335901625_1450476652391109970_n-1-300x300.jpg\" width=\"300\" height=\"300\" alt=\"486162840_3609084335901625_1450476652391109970_n (1)\" title=\"486162840_3609084335901625_1450476652391109970_n (1)\" \/>                            <\/div>\r\n                                                <div class=\"item--holder\">\r\n                            <div class=\"item--description\">El trato que nos brindo en todo el proceso es genero de decir que si son confiables y transparentes, los recomiendo.<\/div>\r\n                            <h3 class=\"item--title\">    \r\n                                Taty Garcia Cortez                            <\/h3>\r\n                            <div class=\"item--position\">Celend\u00edn - Cajamarca<\/div>\r\n                        <\/div>\r\n                   <\/div>\r\n                <\/div>\r\n                            <div class=\"grid-item col-xl-4 col-lg-4 col-md-6 col-sm-6 col-12\">\r\n                    <div class=\"item--inner wow flipInY\">\r\n                        <div class=\"item-icon\"><i>\u201d<\/i><\/div>\r\n                    \t                            <div class=\"item--image\">\r\n                                <img loading=\"lazy\" decoding=\"async\" class=\"\" src=\"https:\/\/alphapartnersperu.com\/wp-content\/uploads\/2026\/04\/486546733_122101486340817525_2863272429416252127_n-2-1-300x300.jpg\" width=\"300\" height=\"300\" alt=\"486546733_122101486340817525_2863272429416252127_n (2)\" title=\"486546733_122101486340817525_2863272429416252127_n (2)\" \/>                            <\/div>\r\n                                                <div class=\"item--holder\">\r\n                            <div class=\"item--description\">Excelente trabajo de ambientanci\u00f3n en 3D, responsabilidad, puntualidad, enfocado en satisfacci\u00f3n al cliente.<\/div>\r\n                            <h3 class=\"item--title\">    \r\n                                Carlos Flores Velazque                            <\/h3>\r\n                            <div class=\"item--position\">Inmobiliaria CFV - Andahuaylas<\/div>\r\n                        <\/div>\r\n                   <\/div>\r\n                <\/div>\r\n                            <div class=\"grid-item col-xl-4 col-lg-4 col-md-6 col-sm-6 col-12\">\r\n                    <div class=\"item--inner wow flipInY\">\r\n                        <div class=\"item-icon\"><i>\u201d<\/i><\/div>\r\n                    \t                            <div class=\"item--image\">\r\n                                <img loading=\"lazy\" decoding=\"async\" class=\"\" src=\"https:\/\/alphapartnersperu.com\/wp-content\/uploads\/2024\/12\/juan-carrasco.jpg\" width=\"130\" height=\"130\" alt=\"juan-carrasco\" title=\"juan-carrasco\" \/>                            <\/div>\r\n                                                <div class=\"item--holder\">\r\n                            <div class=\"item--description\">Recomiendo ampliamente sus servicios por la experiencia y el trato cordial.<\/div>\r\n                            <h3 class=\"item--title\">    \r\n                                Juan Manuel Carrasco Millones                            <\/h3>\r\n                            <div class=\"item--position\">Dise\u00f1o de Interiores de Estudio   Abogados Carrasco Millones<\/div>\r\n                        <\/div>\r\n                   <\/div>\r\n                <\/div>\r\n                            <div class=\"grid-item col-xl-4 col-lg-4 col-md-6 col-sm-6 col-12\">\r\n                    <div class=\"item--inner wow flipInY\">\r\n                        <div class=\"item-icon\"><i>\u201d<\/i><\/div>\r\n                    \t                            <div class=\"item--image\">\r\n                                <img loading=\"lazy\" decoding=\"async\" class=\"\" src=\"https:\/\/alphapartnersperu.com\/wp-content\/uploads\/2024\/12\/cesar-acuna.jpg\" width=\"130\" height=\"130\" alt=\"cesar-acuna\" title=\"cesar-acuna\" \/>                            <\/div>\r\n                                                <div class=\"item--holder\">\r\n                            <div class=\"item--description\">Me brindaron un apoyo integral durante todo el proceso de manera impecable. <\/div>\r\n                            <h3 class=\"item--title\">    \r\n                                C\u00e9sar Acu\u00f1a                            <\/h3>\r\n                            <div class=\"item--position\">Vivienda Unifamiliar Triplex - Chiclayo<\/div>\r\n                        <\/div>\r\n                   <\/div>\r\n                <\/div>\r\n                        <div class=\"grid-sizer col-xl-4 col-lg-4 col-md-6 col-sm-6 col-12\"><\/div>\r\n        <\/div>\r\n    <\/div>\r\n\t\t\t\t<\/div>\n\t\t\t\t<\/div>\n\t\t            <\/div>\n        <\/div>\n                    <\/div>\n        <\/section>\n        \t\t<\/div>\n\t\t","protected":false},"excerpt":{"rendered":"<p>Opiniones. Tenemos muchas rese\u00f1as de nuestros clientes satisfechos. \u201d Atenci\u00f3n inmediata y buen asesoramiento, Recomendad\u00edsimo. Estefany Vilchez Pe\u00f1a San Martin de Porres \u201d Solicite dise\u00f1o de mis planos y construcci\u00f3n de mi proyecto, quede contento con el resultado. Ivan Mendoza Unifamiliar \u00cdndigo &#8211; Comas \u201d Servicio de construcci\u00f3n de alta calidad, con atencion minuiciosa a [&hellip;]<\/p>\n","protected":false},"author":1,"featured_media":0,"parent":0,"menu_order":0,"comment_status":"closed","ping_status":"closed","template":"","meta":{"footnotes":""},"class_list":["post-367","page","type-page","status-publish","hentry"],"_links":{"self":[{"href":"https:\/\/alphapartnersperu.com\/index.php\/wp-json\/wp\/v2\/pages\/367","targetHints":{"allow":["GET"]}}],"collection":[{"href":"https:\/\/alphapartnersperu.com\/index.php\/wp-json\/wp\/v2\/pages"}],"about":[{"href":"https:\/\/alphapartnersperu.com\/index.php\/wp-json\/wp\/v2\/types\/page"}],"author":[{"embeddable":true,"href":"https:\/\/alphapartnersperu.com\/index.php\/wp-json\/wp\/v2\/users\/1"}],"replies":[{"embeddable":true,"href":"https:\/\/alphapartnersperu.com\/index.php\/wp-json\/wp\/v2\/comments?post=367"}],"version-history":[{"count":70,"href":"https:\/\/alphapartnersperu.com\/index.php\/wp-json\/wp\/v2\/pages\/367\/revisions"}],"predecessor-version":[{"id":9493,"href":"https:\/\/alphapartnersperu.com\/index.php\/wp-json\/wp\/v2\/pages\/367\/revisions\/9493"}],"wp:attachment":[{"href":"https:\/\/alphapartnersperu.com\/index.php\/wp-json\/wp\/v2\/media?parent=367"}],"curies":[{"name":"wp","href":"https:\/\/api.w.org\/{rel}","templated":true}]}}