{"id":26,"date":"2019-10-30T08:04:23","date_gmt":"2019-10-30T08:04:23","guid":{"rendered":"https:\/\/demo.casethemes.net\/consultio-finance4\/?page_id=26"},"modified":"2024-12-14T16:06:40","modified_gmt":"2024-12-14T16:06:40","slug":"quienes-somos","status":"publish","type":"page","link":"https:\/\/alphapartnersperu.com\/index.php\/quienes-somos\/","title":{"rendered":"Quienes Somos"},"content":{"rendered":"\t\t<div data-elementor-type=\"wp-page\" data-elementor-id=\"26\" class=\"elementor elementor-26\">\n\t\t\t\t        <section class=\"elementor-section elementor-top-section elementor-element elementor-element-bf4d915 elementor-section-boxed elementor-section-height-default elementor-section-height-default ct-header-fixed-none\" data-id=\"bf4d915\" data-element_type=\"section\" data-e-type=\"section\">\n            \n                        <div class=\"elementor-container elementor-column-gap-extended \">\n                    <div class=\"elementor-column elementor-col-50 elementor-top-column elementor-element elementor-element-5282614\" data-id=\"5282614\" data-element_type=\"column\" data-e-type=\"column\">\n        <div class=\"elementor-widget-wrap elementor-element-populated\">\n                    \n        \t\t<div class=\"elementor-element elementor-element-9d091b6 elementor-widget elementor-widget-ct_heading\" data-id=\"9d091b6\" data-element_type=\"widget\" data-e-type=\"widget\" data-widget_type=\"ct_heading.default\">\n\t\t\t\t<div class=\"elementor-widget-container\">\n\t\t\t\t\t<div class=\"ct-heading h-align-  sub- ct-heading-left item-st-line-left1\">\r\n\t    <h3 class=\"item--title st-line-left1 \" data-wow-delay=\"ms\">\r\n                <span class=\"sp-main\">\r\n                            <i><\/i>\r\n            \r\n            Somos Alpha Partners Per\u00fa S.A.C.\r\n            \r\n                    <\/span>\r\n            <\/h3>\r\n<\/div>\t\t\t\t<\/div>\n\t\t\t\t<\/div>\n\t\t        <section class=\"elementor-section elementor-inner-section elementor-element elementor-element-6b326e2 elementor-section-boxed elementor-section-height-default elementor-section-height-default ct-header-fixed-none\" data-id=\"6b326e2\" data-element_type=\"section\" data-e-type=\"section\">\n            \n                        <div class=\"elementor-container elementor-column-gap-extended \">\n                    <div class=\"elementor-column elementor-col-100 elementor-inner-column elementor-element elementor-element-71555f1\" data-id=\"71555f1\" data-element_type=\"column\" data-e-type=\"column\">\n        <div class=\"elementor-widget-wrap elementor-element-populated\">\n                    \n        \t\t<div class=\"elementor-element elementor-element-176c3a2 elementor-widget elementor-widget-text-editor\" data-id=\"176c3a2\" data-element_type=\"widget\" data-e-type=\"widget\" data-widget_type=\"text-editor.default\">\n\t\t\t\t<div class=\"elementor-widget-container\">\n\t\t\t\t\t\t\t\t\t<p>Empresa l\u00edder en dise\u00f1o y construcci\u00f3n dedicada a transformar espacios en arte y proyectos en legado. Nos especializamos en la creaci\u00f3n de viviendas unifamiliares, multifamiliares, espacios comerciales y edificios emblem\u00e1ticos que combinan:<\/p>\t\t\t\t\t\t\t\t<\/div>\n\t\t\t\t<\/div>\n\t\t\t\t<div class=\"elementor-element elementor-element-11f730c elementor-widget elementor-widget-ct_list\" data-id=\"11f730c\" data-element_type=\"widget\" data-e-type=\"widget\" data-widget_type=\"ct_list.default\">\n\t\t\t\t<div class=\"elementor-widget-container\">\n\t\t\t\t\t    <div class=\"ct-list style1 \">\r\n                    <div class=\"ct-list-item \" data-wow-delay=\"ms\">\r\n            \t<div class=\"ct-list-icon\"><i class=\"fac fac-check-circle\"><\/i><\/div>\r\n            \t<div class=\"ct-list-meta\">\r\n\t            \t<div class=\"ct-list-desc\">\r\n\t            \t\tInnovaci\u00f3n\t            \t<\/div>\r\n                    \t            <\/div>\r\n           <\/div>\r\n                    <div class=\"ct-list-item \" data-wow-delay=\"ms\">\r\n            \t<div class=\"ct-list-icon\"><i class=\"fac fac-check-circle\"><\/i><\/div>\r\n            \t<div class=\"ct-list-meta\">\r\n\t            \t<div class=\"ct-list-desc\">\r\n\t            \t\tCalidad\t            \t<\/div>\r\n                    \t            <\/div>\r\n           <\/div>\r\n                    <div class=\"ct-list-item \" data-wow-delay=\"ms\">\r\n            \t<div class=\"ct-list-icon\"><i class=\"fac fac-check-circle\"><\/i><\/div>\r\n            \t<div class=\"ct-list-meta\">\r\n\t            \t<div class=\"ct-list-desc\">\r\n\t            \t\tSostenibilidad\t            \t<\/div>\r\n                    \t            <\/div>\r\n           <\/div>\r\n            <\/div>\r\n\t\t\t\t<\/div>\n\t\t\t\t<\/div>\n\t\t\t\t<div class=\"elementor-element elementor-element-25731a9 elementor-widget elementor-widget-text-editor\" data-id=\"25731a9\" data-element_type=\"widget\" data-e-type=\"widget\" data-widget_type=\"text-editor.default\">\n\t\t\t\t<div class=\"elementor-widget-container\">\n\t\t\t\t\t\t\t\t\t<strong>Nuestra esencia <\/strong> radica en entender las necesidades y aspiraciones de nuestros clientes, traduci\u00e9ndolas en soluciones arquitect\u00f3nicas \u00fanicas que no solo cumplen su funci\u00f3n, sino que tambi\u00e9n dejan una huella imborrable en el entorno y las comunidades.\t\t\t\t\t\t\t\t<\/div>\n\t\t\t\t<\/div>\n\t\t            <\/div>\n        <\/div>\n                    <\/div>\n        <\/section>\n                    <\/div>\n        <\/div>\n                <div class=\"elementor-column elementor-col-50 elementor-top-column elementor-element elementor-element-07e4861\" data-id=\"07e4861\" data-element_type=\"column\" data-e-type=\"column\">\n        <div class=\"elementor-widget-wrap elementor-element-populated\">\n                    \n        \t\t<div class=\"elementor-element elementor-element-99bae9f elementor-widget elementor-widget-ct_banner\" data-id=\"99bae9f\" data-element_type=\"widget\" data-e-type=\"widget\" data-widget_type=\"ct_banner.default\">\n\t\t\t\t<div class=\"elementor-widget-container\">\n\t\t\t\t\t    <div class=\"ct-banner4 wow fadeInRight\" data-wow-delay=\"ms\">\r\n    \t<div class=\"ct-banner-imge\">\r\n        \t<img fetchpriority=\"high\" decoding=\"async\" width=\"380\" height=\"534\" src=\"https:\/\/alphapartnersperu.com\/wp-content\/uploads\/2024\/12\/nosotros-01.jpg\" class=\"attachment-full\" alt=\"\" \/>        <\/div>\r\n        <div class=\"ct-banner-holder\">\r\n    \t\t<h4 class=\"ct-banner-title\"><\/h4>\r\n            <div class=\"ct-banner-desc\">&quot;Dise\u00f1amos Arte, Construimos Legado&quot;<\/div>\r\n            <span class=\"ct-banner-arrow\"><span><\/span><\/span>\r\n        <\/div>\r\n    <\/div>\r\n\t\t\t\t<\/div>\n\t\t\t\t<\/div>\n\t\t            <\/div>\n        <\/div>\n                    <\/div>\n        <\/section>\n                <section class=\"elementor-section elementor-top-section elementor-element elementor-element-3328b5d elementor-section-boxed elementor-section-height-default elementor-section-height-default ct-header-fixed-none\" data-id=\"3328b5d\" data-element_type=\"section\" data-e-type=\"section\">\n            \n                        <div class=\"elementor-container elementor-column-gap-extended \">\n                    <div class=\"elementor-column elementor-col-100 elementor-top-column elementor-element elementor-element-2933d62\" data-id=\"2933d62\" data-element_type=\"column\" data-e-type=\"column\">\n        <div class=\"elementor-widget-wrap elementor-element-populated\">\n                    \n        \t\t<div class=\"elementor-element elementor-element-1a03c0b elementor-widget elementor-widget-ct_cta\" data-id=\"1a03c0b\" data-element_type=\"widget\" data-e-type=\"widget\" data-widget_type=\"ct_cta.default\">\n\t\t\t\t<div class=\"elementor-widget-container\">\n\t\t\t\t\t<div class=\"ct-cta1 \">\r\n            <div class=\"item--holder\">\r\n            <span class=\"item--title\">\u00bfNecesita  asesor\u00eda para su proyectos?<\/span>\r\n            <span class=\"item--desc\">Contacta con nosotros.<\/span>\r\n        <\/div>\r\n                <div class=\"item--button\">\r\n            <a class=\"btn btn-white\" href=\"https:\/\/alphapartnersperu.com\/index.php\/contacto\/\">\r\n                                    <i aria-hidden=\"true\" class=\"fas fa-mail-bulk\"><\/i>                                Contactar            <\/a>\r\n        <\/div>\r\n    <\/div>\r\n\t\t\t\t<\/div>\n\t\t\t\t<\/div>\n\t\t\t\t<div class=\"elementor-element elementor-element-8ddf128 elementor-widget elementor-widget-ct_service_grid\" data-id=\"8ddf128\" data-element_type=\"widget\" data-e-type=\"widget\" data-widget_type=\"ct_service_grid.default\">\n\t\t\t\t<div class=\"elementor-widget-container\">\n\t\t\t\t\t\r\n<div id=\"ct_service_grid-8ddf128\" class=\"ct-grid ct-service-grid1\" data-layout=\"masonry\" data-start-page=\"1\" data-max-pages=\"0\" data-total=\"0\" data-perpage=\"8\" data-next-link=\"https:\/\/alphapartnersperu.com\/index.php\/wp-json\/wp\/v2\/pages\/26\/page\/2\/\">\r\n    <div class=\"ct-grid-overlay\"><\/div>\r\n    \r\n    <div class=\"ct-grid-inner ct-grid-masonry row animate-time\" data-gutter=\"15\">\r\n                            <div class=\"grid-sizer col-xl-4 col-lg-6 col-md-6 col-sm-6 col-12\"><\/div>\r\n            <\/div>\r\n        <\/div>\t\t\t\t<\/div>\n\t\t\t\t<\/div>\n\t\t            <\/div>\n        <\/div>\n                    <\/div>\n        <\/section>\n                <section class=\"elementor-section elementor-top-section elementor-element elementor-element-f74461e elementor-section-boxed elementor-section-height-default elementor-section-height-default ct-header-fixed-none\" data-id=\"f74461e\" data-element_type=\"section\" data-e-type=\"section\">\n            \n                        <div class=\"elementor-container elementor-column-gap-default \">\n                    <div class=\"elementor-column elementor-col-100 elementor-top-column elementor-element elementor-element-2b87fbe\" data-id=\"2b87fbe\" data-element_type=\"column\" data-e-type=\"column\">\n        <div class=\"elementor-widget-wrap elementor-element-populated\">\n                    \n                <section class=\"elementor-section elementor-inner-section elementor-element elementor-element-892ee4a elementor-section-content-middle elementor-section-boxed elementor-section-height-default elementor-section-height-default ct-header-fixed-none\" data-id=\"892ee4a\" data-element_type=\"section\" data-e-type=\"section\">\n            \n                        <div class=\"elementor-container elementor-column-gap-extended \">\n                    <div class=\"elementor-column elementor-col-50 elementor-inner-column elementor-element elementor-element-3420132\" data-id=\"3420132\" data-element_type=\"column\" data-e-type=\"column\">\n        <div class=\"elementor-widget-wrap elementor-element-populated\">\n                    \n        \t\t<div class=\"elementor-element elementor-element-723e259 elementor-widget elementor-widget-ct_heading\" data-id=\"723e259\" data-element_type=\"widget\" data-e-type=\"widget\" data-widget_type=\"ct_heading.default\">\n\t\t\t\t<div class=\"elementor-widget-container\">\n\t\t\t\t\t<div class=\"ct-heading h-align-left  sub-style1 ct-heading-left item-st-default\">\r\n\t\t\t<div class=\"item--sub-title style1 hide-line\">\r\n                        \u00bfPorqu\u00e9 elegirnos?                                <\/div>\r\n\t    <h3 class=\"item--title st-default \" data-wow-delay=\"ms\">\r\n                <span class=\"sp-main\">\r\n            \r\n            Conoce nuestra  <i>Misi\u00f3n y Visi\u00f3n<\/i>\r\n            \r\n                    <\/span>\r\n            <\/h3>\r\n<\/div>\t\t\t\t<\/div>\n\t\t\t\t<\/div>\n\t\t            <\/div>\n        <\/div>\n                <div class=\"elementor-column elementor-col-50 elementor-inner-column elementor-element elementor-element-13e228a\" data-id=\"13e228a\" data-element_type=\"column\" data-e-type=\"column\">\n        <div class=\"elementor-widget-wrap\">\n                    \n                    <\/div>\n        <\/div>\n                    <\/div>\n        <\/section>\n        \t\t<div class=\"elementor-element elementor-element-199ada5 elementor-widget elementor-widget-ct_tab_banner\" data-id=\"199ada5\" data-element_type=\"widget\" data-e-type=\"widget\" data-widget_type=\"ct_tab_banner.default\">\n\t\t\t\t<div class=\"elementor-widget-container\">\n\t\t\t\t\t    <div class=\"ct-tabs ct-tab-banner1\">\n        <div class=\"ct-tabs-title\">\n                            <div class=\"ct-tab-title active\" data-target=\"#ct_tab_banner-199ada50\">\n                    <h4>Misi\u00f3n<\/h4>\n                    <p><p>Proveer soluciones de dise\u00f1o y construcci\u00f3n que integren innovaci\u00f3n, tecnolog\u00eda y sostenibilidad para crear espacios habitables y comerciales que impulsen el desarrollo de las comunidades peruanas.<\/p><\/p>\n                    <i class=\"tab-arrow\"><\/i>\n                <\/div>\n                            <div class=\"ct-tab-title \" data-target=\"#ct_tab_banner-199ada51\">\n                    <h4>Visi\u00f3n<\/h4>\n                    <p><p>Liderar el sector del dise\u00f1o y construcci\u00f3n en el Per\u00fa mediante la creaci\u00f3n de proyectos urbanos innovadores que combinen funcionalidad, dise\u00f1o y sostenibilidad mediante el uso de <strong>los mejores software de dise\u00f1o y construcci\u00f3n<\/strong> , siendo reconocidos por nuestra contribuci\u00f3n al desarrollo urbano del pa\u00eds, con una red nacional de servicios de construcci\u00f3n, liderando el sector con una presencia destacada en cada regi\u00f3n del Per\u00fa.<\/p><\/p>\n                    <i class=\"tab-arrow\"><\/i>\n                <\/div>\n                    <\/div>\n        <div class=\"ct-tabs-content\">\n                            <div id=\"ct_tab_banner-199ada50\" class=\"ct-tab-content\" style=\"display: block;\">\n                                            <div class=\"ct-tab-image bg-image\" style=\"background-image: url(https:\/\/alphapartnersperu.com\/wp-content\/uploads\/2024\/12\/christian-c.jpg);\"><\/div>\n                                    <\/div>\n                            <div id=\"ct_tab_banner-199ada51\" class=\"ct-tab-content\" >\n                                            <div class=\"ct-tab-image bg-image\" style=\"background-image: url(https:\/\/alphapartnersperu.com\/wp-content\/uploads\/2024\/12\/soluciones-sostenibles-1.jpg);\"><\/div>\n                                    <\/div>\n                    <\/div>\n    <\/div>\n\t\t\t\t<\/div>\n\t\t\t\t<\/div>\n\t\t            <\/div>\n        <\/div>\n                    <\/div>\n        <\/section>\n                <section class=\"elementor-section elementor-top-section elementor-element elementor-element-e73061f elementor-section-stretched elementor-section-boxed elementor-section-height-default elementor-section-height-default ct-header-fixed-none\" data-id=\"e73061f\" data-element_type=\"section\" data-e-type=\"section\" data-settings=\"{&quot;stretch_section&quot;:&quot;section-stretched&quot;,&quot;background_background&quot;:&quot;classic&quot;}\">\n                            <div class=\"elementor-background-overlay\"><\/div>\n                \n                        <div class=\"elementor-container elementor-column-gap-extended \">\n                    <div class=\"elementor-column elementor-col-50 elementor-top-column elementor-element elementor-element-76d93b9\" data-id=\"76d93b9\" data-element_type=\"column\" data-e-type=\"column\">\n        <div class=\"elementor-widget-wrap elementor-element-populated\">\n                    \n        \t\t<div class=\"elementor-element elementor-element-79cad7d elementor-widget elementor-widget-ct_heading\" data-id=\"79cad7d\" data-element_type=\"widget\" data-e-type=\"widget\" data-widget_type=\"ct_heading.default\">\n\t\t\t\t<div class=\"elementor-widget-container\">\n\t\t\t\t\t<div class=\"ct-heading h-align- wow fadeInLeft sub-style2 ct-heading-left item-st-default\">\r\n\t\t\t<div class=\"item--sub-title style2 show-line\">\r\n                        Experiencia                                <\/div>\r\n\t    <h3 class=\"item--title st-default wow fadeInLeft\" data-wow-delay=\"ms\">\r\n                <span class=\"sp-main\">\r\n            \r\n            Empresa constructora enfocada en transformar espacios en arte y proyectos en legado\r\n            \r\n                    <\/span>\r\n            <\/h3>\r\n<\/div>\t\t\t\t<\/div>\n\t\t\t\t<\/div>\n\t\t\t\t<div class=\"elementor-element elementor-element-4b88e48 wow fadeInLeft elementor-widget elementor-widget-text-editor\" data-id=\"4b88e48\" data-element_type=\"widget\" data-e-type=\"widget\" data-widget_type=\"text-editor.default\">\n\t\t\t\t<div class=\"elementor-widget-container\">\n\t\t\t\t\t\t\t\t\tCon un enfoque estrat\u00e9gico en innovaci\u00f3n, sostenibilidad y excelencia, buscamos redefinir los est\u00e1ndares del dise\u00f1o y la construcci\u00f3n en el Per\u00fa.\t\t\t\t\t\t\t\t<\/div>\n\t\t\t\t<\/div>\n\t\t\t\t<div class=\"elementor-element elementor-element-1988e65 elementor-widget elementor-widget-ct_video_player\" data-id=\"1988e65\" data-element_type=\"widget\" data-e-type=\"widget\" data-widget_type=\"ct_video_player.default\">\n\t\t\t\t<div class=\"elementor-widget-container\">\n\t\t\t\t\t<div class=\"ct-video-player video-player-style1 wow fadeInUp \">\r\n                    <a class=\"ct-video-button style1\" href=\"https:\/\/www.youtube.com\/watch?v=rvqAfmlN7pY\">\r\n            <i class=\"fac fac-play\"><\/i>\r\n            <span class=\"line-video-animation line-video-1\"><\/span>\r\n            <span class=\"line-video-animation line-video-2\"><\/span>\r\n            <span class=\"line-video-animation line-video-3\"><\/span>\r\n        <\/a>\r\n        <span><\/span>\r\n<\/div>\r\n\t\t\t\t<\/div>\n\t\t\t\t<\/div>\n\t\t            <\/div>\n        <\/div>\n                <div class=\"elementor-column elementor-col-50 elementor-top-column elementor-element elementor-element-7647424\" data-id=\"7647424\" data-element_type=\"column\" data-e-type=\"column\">\n        <div class=\"elementor-widget-wrap elementor-element-populated\">\n                    \n                <section class=\"elementor-section elementor-inner-section elementor-element elementor-element-c72f275 elementor-section-boxed elementor-section-height-default elementor-section-height-default ct-header-fixed-none\" data-id=\"c72f275\" data-element_type=\"section\" data-e-type=\"section\">\n            \n                        <div class=\"elementor-container elementor-column-gap-extended \">\n                    <div class=\"elementor-column elementor-col-50 elementor-inner-column elementor-element elementor-element-0b02a37\" data-id=\"0b02a37\" data-element_type=\"column\" data-e-type=\"column\">\n        <div class=\"elementor-widget-wrap elementor-element-populated\">\n                    \n        \t\t<div class=\"elementor-element elementor-element-e928104 ct-counter-layout1 elementor-widget elementor-widget-ct_counter\" data-id=\"e928104\" data-element_type=\"widget\" data-e-type=\"widget\" data-widget_type=\"ct_counter.default\">\n\t\t\t\t<div class=\"elementor-widget-container\">\n\t\t\t\t\t<div class=\"ct-counter ct-counter-layout1 size2 wow fadeInRight\" data-wow-delay=\"ms\">\r\n    <div class=\"ct-counter-image bg-image\" style=\"background-image: url(https:\/\/alphapartnersperu.com\/wp-content\/uploads\/2024\/12\/consultoria-2.jpg);\"><\/div>\r\n        <div class=\"ct-counter-holder\">\r\n        <div class=\"ct-counter-number\">\r\n            <span class=\"ct-counter-number-prefix\"><\/span>\r\n            <span class=\"ct-counter-number-value\" data-duration=\"2000\" data-to-value=\"105\" data-delimiter=\",\">1<\/span>\r\n            <span class=\"ct-counter-number-suffix\">+<\/span>\r\n        <\/div>\r\n                    <div class=\"ct-counter-title\">Profesionales Calificados<\/div>\r\n            <\/div>\r\n<\/div>\t\t\t\t<\/div>\n\t\t\t\t<\/div>\n\t\t\t\t<div class=\"elementor-element elementor-element-997ae8f ct-counter-layout1 elementor-widget elementor-widget-ct_counter\" data-id=\"997ae8f\" data-element_type=\"widget\" data-e-type=\"widget\" data-widget_type=\"ct_counter.default\">\n\t\t\t\t<div class=\"elementor-widget-container\">\n\t\t\t\t\t<div class=\"ct-counter ct-counter-layout1 size1 wow fadeInRight\" data-wow-delay=\"ms\">\r\n    <div class=\"ct-counter-image bg-image\" style=\"background-image: url(https:\/\/alphapartnersperu.com\/wp-content\/uploads\/2024\/12\/consultoria-1.jpg);\"><\/div>\r\n        <div class=\"ct-counter-holder\">\r\n        <div class=\"ct-counter-number\">\r\n            <span class=\"ct-counter-number-prefix\"><\/span>\r\n            <span class=\"ct-counter-number-value\" data-duration=\"2000\" data-to-value=\"5\" data-delimiter=\",\">1<\/span>\r\n            <span class=\"ct-counter-number-suffix\">+<\/span>\r\n        <\/div>\r\n                    <div class=\"ct-counter-title\">A\u00f1os de Experiencia<\/div>\r\n            <\/div>\r\n<\/div>\t\t\t\t<\/div>\n\t\t\t\t<\/div>\n\t\t            <\/div>\n        <\/div>\n                <div class=\"elementor-column elementor-col-50 elementor-inner-column elementor-element elementor-element-9a65e9d\" data-id=\"9a65e9d\" data-element_type=\"column\" data-e-type=\"column\">\n        <div class=\"elementor-widget-wrap elementor-element-populated\">\n                    \n        \t\t<div class=\"elementor-element elementor-element-61021cc ct-counter-layout1 elementor-widget elementor-widget-ct_counter\" data-id=\"61021cc\" data-element_type=\"widget\" data-e-type=\"widget\" data-widget_type=\"ct_counter.default\">\n\t\t\t\t<div class=\"elementor-widget-container\">\n\t\t\t\t\t<div class=\"ct-counter ct-counter-layout1 size1 wow fadeInRight\" data-wow-delay=\"ms\">\r\n    <div class=\"ct-counter-image bg-image\" style=\"background-image: url(https:\/\/alphapartnersperu.com\/wp-content\/uploads\/2024\/12\/servicio-postventa.jpg);\"><\/div>\r\n        <div class=\"ct-counter-holder\">\r\n        <div class=\"ct-counter-number\">\r\n            <span class=\"ct-counter-number-prefix\"><\/span>\r\n            <span class=\"ct-counter-number-value\" data-duration=\"2000\" data-to-value=\"215\" data-delimiter=\",\">1<\/span>\r\n            <span class=\"ct-counter-number-suffix\">+<\/span>\r\n        <\/div>\r\n                    <div class=\"ct-counter-title\">Clientes Satisfechos<\/div>\r\n            <\/div>\r\n<\/div>\t\t\t\t<\/div>\n\t\t\t\t<\/div>\n\t\t\t\t<div class=\"elementor-element elementor-element-84d150f ct-counter-layout1 elementor-widget elementor-widget-ct_counter\" data-id=\"84d150f\" data-element_type=\"widget\" data-e-type=\"widget\" data-widget_type=\"ct_counter.default\">\n\t\t\t\t<div class=\"elementor-widget-container\">\n\t\t\t\t\t<div class=\"ct-counter ct-counter-layout1 size2 wow fadeInRight\" data-wow-delay=\"ms\">\r\n    <div class=\"ct-counter-image bg-image\" style=\"background-image: url(https:\/\/alphapartnersperu.com\/wp-content\/uploads\/2024\/12\/nosotros-3.jpg);\"><\/div>\r\n        <div class=\"ct-counter-holder\">\r\n        <div class=\"ct-counter-number\">\r\n            <span class=\"ct-counter-number-prefix\"><\/span>\r\n            <span class=\"ct-counter-number-value\" data-duration=\"2000\" data-to-value=\"310\" data-delimiter=\",\">1<\/span>\r\n            <span class=\"ct-counter-number-suffix\">+<\/span>\r\n        <\/div>\r\n                    <div class=\"ct-counter-title\">Proyectos Realizados<\/div>\r\n            <\/div>\r\n<\/div>\t\t\t\t<\/div>\n\t\t\t\t<\/div>\n\t\t            <\/div>\n        <\/div>\n                    <\/div>\n        <\/section>\n                    <\/div>\n        <\/div>\n                    <\/div>\n        <\/section>\n        \t\t<\/div>\n\t\t","protected":false},"excerpt":{"rendered":"<p>Somos Alpha Partners Per\u00fa S.A.C. Empresa l\u00edder en dise\u00f1o y construcci\u00f3n dedicada a transformar espacios en arte y proyectos en legado. Nos especializamos en la creaci\u00f3n de viviendas unifamiliares, multifamiliares, espacios comerciales y edificios emblem\u00e1ticos que combinan: Innovaci\u00f3n Calidad Sostenibilidad Nuestra esencia radica en entender las necesidades y aspiraciones de nuestros clientes, traduci\u00e9ndolas en soluciones [&hellip;]<\/p>\n","protected":false},"author":1,"featured_media":0,"parent":0,"menu_order":0,"comment_status":"closed","ping_status":"closed","template":"","meta":{"footnotes":""},"class_list":["post-26","page","type-page","status-publish","hentry"],"_links":{"self":[{"href":"https:\/\/alphapartnersperu.com\/index.php\/wp-json\/wp\/v2\/pages\/26","targetHints":{"allow":["GET"]}}],"collection":[{"href":"https:\/\/alphapartnersperu.com\/index.php\/wp-json\/wp\/v2\/pages"}],"about":[{"href":"https:\/\/alphapartnersperu.com\/index.php\/wp-json\/wp\/v2\/types\/page"}],"author":[{"embeddable":true,"href":"https:\/\/alphapartnersperu.com\/index.php\/wp-json\/wp\/v2\/users\/1"}],"replies":[{"embeddable":true,"href":"https:\/\/alphapartnersperu.com\/index.php\/wp-json\/wp\/v2\/comments?post=26"}],"version-history":[{"count":67,"href":"https:\/\/alphapartnersperu.com\/index.php\/wp-json\/wp\/v2\/pages\/26\/revisions"}],"predecessor-version":[{"id":9096,"href":"https:\/\/alphapartnersperu.com\/index.php\/wp-json\/wp\/v2\/pages\/26\/revisions\/9096"}],"wp:attachment":[{"href":"https:\/\/alphapartnersperu.com\/index.php\/wp-json\/wp\/v2\/media?parent=26"}],"curies":[{"name":"wp","href":"https:\/\/api.w.org\/{rel}","templated":true}]}}